{"id":8323,"date":"2024-10-21T06:29:18","date_gmt":"2024-10-21T06:29:18","guid":{"rendered":"https:\/\/pareamed.si\/?page_id=8323"},"modified":"2024-11-01T11:31:12","modified_gmt":"2024-11-01T11:31:12","slug":"pekoce-uriniranje","status":"publish","type":"page","link":"https:\/\/pareamed.si\/?page_id=8323","title":{"rendered":"Peko\u010de uriniranje"},"content":{"rendered":"\t\t<div data-elementor-type=\"wp-page\" data-elementor-id=\"8323\" class=\"elementor elementor-8323\">\n\t\t\t\t\t\t<section class=\"elementor-section elementor-top-section elementor-element elementor-element-b0545fa elementor-section-boxed elementor-section-height-default elementor-section-height-default\" data-id=\"b0545fa\" data-element_type=\"section\">\n\t\t\t\t\t\t<div class=\"elementor-container elementor-column-gap-default\">\n\t\t\t\t\t<div class=\"elementor-column elementor-col-50 elementor-top-column elementor-element elementor-element-0d036dd\" data-id=\"0d036dd\" data-element_type=\"column\">\n\t\t\t<div class=\"elementor-widget-wrap elementor-element-populated\">\n\t\t\t\t\t\t<div class=\"elementor-element elementor-element-63ae7166 elementor-widget elementor-widget-text-editor\" data-id=\"63ae7166\" data-element_type=\"widget\" data-widget_type=\"text-editor.default\">\n\t\t\t\t<div class=\"elementor-widget-container\">\n\t\t\t\t\t\t\t<p><span style=\"text-decoration: underline;\"><strong>Kako si lahko pomagate sami?\u00a0<\/strong><\/span><\/p>\n<p>Priporo\u010dljivi ukrepi so zadostno pitje teko\u010dine (\u010daji za mehur, preparati iz brusnic \u2013 \u010daj, tablete, sok).\u00a0<\/p>\n<p><span style=\"text-decoration: underline;\"><strong>Kdaj do zdravnika?<\/strong><\/span><\/p>\n<ul>\n<li>V primeru izcedka iz mo\u0161kega spolnega uda ali no\u017enice.<\/li>\n<li>\u010ce ste nose\u010di in je va\u0161e uriniranje peko\u010de in bole\u010de.<\/li>\n<li>\u010ce je va\u0161e uriniranje peko\u010de in bole\u010de ve\u010d kot en dan.<\/li>\n<li>\u010ce opazite kri v urinu.<\/li>\n<\/ul>\t\t\t\t\t\t<\/div>\n\t\t\t\t<\/div>\n\t\t\t\t\t<\/div>\n\t\t<\/div>\n\t\t\t\t<div class=\"elementor-column elementor-col-50 elementor-top-column elementor-element elementor-element-164f9c4\" data-id=\"164f9c4\" data-element_type=\"column\">\n\t\t\t<div class=\"elementor-widget-wrap elementor-element-populated\">\n\t\t\t\t\t\t<div class=\"elementor-element elementor-element-a69bb7c elementor-widget elementor-widget-image\" data-id=\"a69bb7c\" data-element_type=\"widget\" data-widget_type=\"image.default\">\n\t\t\t\t<div class=\"elementor-widget-container\">\n\t\t\t\t\t\t\t\t\t\t\t\t\t<img fetchpriority=\"high\" decoding=\"async\" width=\"667\" height=\"1000\" src=\"https:\/\/pareamed.si\/wp-content\/uploads\/2024\/11\/53820.jpg\" class=\"attachment-large size-large wp-image-8630\" alt=\"\" srcset=\"https:\/\/pareamed.si\/wp-content\/uploads\/2024\/11\/53820.jpg 667w, https:\/\/pareamed.si\/wp-content\/uploads\/2024\/11\/53820-200x300.jpg 200w, https:\/\/pareamed.si\/wp-content\/uploads\/2024\/11\/53820-600x900.jpg 600w\" sizes=\"(max-width: 667px) 100vw, 667px\" \/>\t\t\t\t\t\t\t\t\t\t\t\t\t<\/div>\n\t\t\t\t<\/div>\n\t\t\t\t\t<\/div>\n\t\t<\/div>\n\t\t\t\t\t<\/div>\n\t\t<\/section>\n\t\t\t\t<section class=\"elementor-section elementor-top-section elementor-element elementor-element-6c556beb elementor-section-boxed elementor-section-height-default elementor-section-height-default\" data-id=\"6c556beb\" data-element_type=\"section\">\n\t\t\t\t\t\t<div class=\"elementor-container elementor-column-gap-default\">\n\t\t\t\t\t<div class=\"elementor-column elementor-col-100 elementor-top-column elementor-element elementor-element-680042c3\" data-id=\"680042c3\" data-element_type=\"column\">\n\t\t\t<div class=\"elementor-widget-wrap\">\n\t\t\t\t\t\t\t<\/div>\n\t\t<\/div>\n\t\t\t\t\t<\/div>\n\t\t<\/section>\n\t\t\t\t<\/div>\n\t\t","protected":false},"excerpt":{"rendered":"<p>Kako si lahko pomagate sami?\u00a0 Priporo\u010dljivi ukrepi so zadostno pitje teko\u010dine (\u010daji za mehur, preparati iz brusnic \u2013 \u010daj, tablete, sok).\u00a0 Kdaj do zdravnika? V primeru izcedka iz mo\u0161kega spolnega uda ali no\u017enice. \u010ce ste nose\u010di in je va\u0161e uriniranje peko\u010de in bole\u010de. \u010ce je va\u0161e uriniranje peko\u010de in bole\u010de ve\u010d kot en dan. \u010ce [&hellip;]<\/p>\n","protected":false},"author":1,"featured_media":0,"parent":0,"menu_order":0,"comment_status":"closed","ping_status":"closed","template":"","meta":{"_acf_changed":false,"_monsterinsights_skip_tracking":false,"_monsterinsights_sitenote_active":false,"_monsterinsights_sitenote_note":"","_monsterinsights_sitenote_category":0,"footnotes":""},"class_list":["post-8323","page","type-page","status-publish","hentry"],"acf":[],"_links":{"self":[{"href":"https:\/\/pareamed.si\/index.php?rest_route=\/wp\/v2\/pages\/8323","targetHints":{"allow":["GET"]}}],"collection":[{"href":"https:\/\/pareamed.si\/index.php?rest_route=\/wp\/v2\/pages"}],"about":[{"href":"https:\/\/pareamed.si\/index.php?rest_route=\/wp\/v2\/types\/page"}],"author":[{"embeddable":true,"href":"https:\/\/pareamed.si\/index.php?rest_route=\/wp\/v2\/users\/1"}],"replies":[{"embeddable":true,"href":"https:\/\/pareamed.si\/index.php?rest_route=%2Fwp%2Fv2%2Fcomments&post=8323"}],"version-history":[{"count":8,"href":"https:\/\/pareamed.si\/index.php?rest_route=\/wp\/v2\/pages\/8323\/revisions"}],"predecessor-version":[{"id":8633,"href":"https:\/\/pareamed.si\/index.php?rest_route=\/wp\/v2\/pages\/8323\/revisions\/8633"}],"wp:attachment":[{"href":"https:\/\/pareamed.si\/index.php?rest_route=%2Fwp%2Fv2%2Fmedia&parent=8323"}],"curies":[{"name":"wp","href":"https:\/\/api.w.org\/{rel}","templated":true}]}}