{"id":8318,"date":"2024-10-21T06:26:48","date_gmt":"2024-10-21T06:26:48","guid":{"rendered":"https:\/\/pareamed.si\/?page_id=8318"},"modified":"2024-11-01T11:22:32","modified_gmt":"2024-11-01T11:22:32","slug":"dusenje","status":"publish","type":"page","link":"https:\/\/pareamed.si\/?page_id=8318","title":{"rendered":"Du\u0161enje"},"content":{"rendered":"\t\t<div data-elementor-type=\"wp-page\" data-elementor-id=\"8318\" class=\"elementor elementor-8318\">\n\t\t\t\t\t\t<section class=\"elementor-section elementor-top-section elementor-element elementor-element-68f689f elementor-section-boxed elementor-section-height-default elementor-section-height-default\" data-id=\"68f689f\" data-element_type=\"section\">\n\t\t\t\t\t\t<div class=\"elementor-container elementor-column-gap-default\">\n\t\t\t\t\t<div class=\"elementor-column elementor-col-50 elementor-top-column elementor-element elementor-element-4269434\" data-id=\"4269434\" data-element_type=\"column\">\n\t\t\t<div class=\"elementor-widget-wrap elementor-element-populated\">\n\t\t\t\t\t\t<div class=\"elementor-element elementor-element-63ae7166 elementor-widget elementor-widget-text-editor\" data-id=\"63ae7166\" data-element_type=\"widget\" data-widget_type=\"text-editor.default\">\n\t\t\t\t<div class=\"elementor-widget-container\">\n\t\t\t\t\t\t\t<p><span style=\"text-decoration: underline;\"><strong>Kako si lahko pomagate sami?<\/strong><\/span>\u00a0<\/p>\n<p>Najprej pomislite na vzroke, ki bi du\u0161enje lahko spro\u017eili in ocenite resnost dogajanja.<\/p>\n<p>Prva pomo\u010d je vedno lahko polo\u017eaj, ki vam olaj\u0161a ob\u010dutek du\u0161enja (sede\u010d polo\u017eaj ali le\u017eanje s podlo\u017eenim vzglavjem).\u00a0 \u010ce ste astmatik uporabite predpisana zdravila (olaj\u0161evalci).\u00a0<\/p>\n<p>\u010ce je vzrok za nastanek du\u0161enja tujek v dihalnih poteh, se mora prizadeti izka\u0161ljati, ko ne more ve\u010d izvedete Heimlichov manever, kot ste se u\u010dili pri prvi pomo\u010di.\u202f<\/p>\n<p>\u010ce se je ob\u010dutek du\u0161enja pojavil kot odgovor na stresno situacijo, je potrebno na prizadeto osebo\u202f pozitivno vplivati in jo poskusiti umiriti.\u202f\u00a0<\/p>\n<p>\u010ce bolnik izgubi zavest in neha dihati, pri\u010dnite z temeljnimi postopki o\u017eivljanja, pokli\u010dite 112.\u00a0 Bolnika brez zavesti, ki diha sam namestite v bo\u010dni polo\u017eaj, <span style=\"text-decoration: underline;\"><strong>pokli\u010dite 112.\u00a0<\/strong><\/span><\/p>\n<p>\u00a0<\/p>\n<p><span style=\"text-decoration: underline;\"><strong>Kdaj do zdravnika?\u00a0<\/strong><\/span><\/p>\n<p>Kadar se ob\u010dutek du\u0161enja \u0161e da prena\u0161ati, a mu je pridru\u017eena\u202f tudi povi\u0161ana telesna temperatura in gre najverjetneje virusno oku\u017ebo dihal.\u00a0 Ko du\u0161enje sicer mine samo po sebi, a se ve\u010dkrat ponovi.\u00a0 Kadar sicer bla\u017eji ob\u010dutek du\u0161enja traja dlje \u010dasa.\u00a0 Kadar se ob\u010dutek du\u0161enja pri sicer zdravi osebi spro\u017ei po stresni situaciji.\u00a0<\/p>\n<div class=\"flex-shrink-0 flex flex-col relative items-end\">\n<div>\n<div class=\"pt-0\">\n<div class=\"gizmo-bot-avatar flex h-8 w-8 items-center justify-center overflow-hidden rounded-full\">\n<div class=\"relative p-1 rounded-sm flex items-center justify-center bg-token-main-surface-primary text-token-text-primary h-8 w-8\">\u00a0<\/div>\n<\/div>\n<\/div>\n<\/div>\n<\/div>\n<div class=\"group\/conversation-turn relative flex w-full min-w-0 flex-col agent-turn\">\n<div class=\"flex-col gap-1 md:gap-3\">\n<div class=\"flex max-w-full flex-col flex-grow\">\n<div class=\"min-h-8 text-message flex w-full flex-col items-end gap-2 whitespace-normal break-words [.text-message+&amp;]:mt-5\" dir=\"auto\" data-message-author-role=\"assistant\" data-message-id=\"dcd6413e-4d10-4e95-98ea-b4e27cc38fe1\" data-message-model-slug=\"gpt-4o\">\n<div class=\"flex w-full flex-col gap-1 empty:hidden first:pt-[3px]\">\n<div class=\"markdown prose w-full break-words dark:prose-invert dark\">\n<p><strong>Takoj\u0161nji pregled (tudi klic na 112) je nujen:<\/strong><\/p>\n<ul>\n<li>Kadar je ob du\u0161enju prisotna tudi bole\u010dina v prsnem ko\u0161u.<\/li>\n<li>Kadar je du\u0161enje tako hudo, da pomodrijo okon\u010dine.<\/li>\n<li>Kadar se ob du\u0161enju pojavijo gobasti izpu\u0161\u010daji in otekline po celem telesu, kar bi lahko bila posledica alergi\u010dne reakcije (pik insekta, zau\u017eitje zdravila, prehrana).<\/li>\n<li>\u010ce obstaja mo\u017enost za tujek v dihalih.<\/li>\n<li>\u010ce se nenadno du\u0161enje pojavi po po\u0161kodbi ali operaciji z imobilizacijo ali pri nekom, ki mora dlje \u010dasa mirovati.<\/li>\n<li>Ob astmati\u010dnem napadu, ki po aplikaciji zdravila ne popusti.<\/li>\n<li>\u010ce ste bolnik z boleznijo srca.<\/li>\n<\/ul>\n<\/div>\n<\/div>\n<\/div>\n<\/div>\n<\/div>\n<\/div>\t\t\t\t\t\t<\/div>\n\t\t\t\t<\/div>\n\t\t\t\t\t<\/div>\n\t\t<\/div>\n\t\t\t\t<div class=\"elementor-column elementor-col-50 elementor-top-column elementor-element elementor-element-1dbdddf\" data-id=\"1dbdddf\" data-element_type=\"column\">\n\t\t\t<div class=\"elementor-widget-wrap elementor-element-populated\">\n\t\t\t\t\t\t<div class=\"elementor-element elementor-element-9b79170 elementor-widget__width-initial elementor-widget elementor-widget-image\" data-id=\"9b79170\" data-element_type=\"widget\" data-widget_type=\"image.default\">\n\t\t\t\t<div class=\"elementor-widget-container\">\n\t\t\t\t\t\t\t\t\t\t\t\t\t<img fetchpriority=\"high\" decoding=\"async\" width=\"538\" height=\"675\" src=\"https:\/\/pareamed.si\/wp-content\/uploads\/2024\/11\/7423-e1730460085785.jpg\" class=\"attachment-large size-large wp-image-8607\" alt=\"\" srcset=\"https:\/\/pareamed.si\/wp-content\/uploads\/2024\/11\/7423-e1730460085785.jpg 538w, https:\/\/pareamed.si\/wp-content\/uploads\/2024\/11\/7423-e1730460085785-239x300.jpg 239w\" sizes=\"(max-width: 538px) 100vw, 538px\" \/>\t\t\t\t\t\t\t\t\t\t\t\t\t<\/div>\n\t\t\t\t<\/div>\n\t\t\t\t\t<\/div>\n\t\t<\/div>\n\t\t\t\t\t<\/div>\n\t\t<\/section>\n\t\t\t\t<section class=\"elementor-section elementor-top-section elementor-element elementor-element-6c556beb elementor-section-boxed elementor-section-height-default elementor-section-height-default\" data-id=\"6c556beb\" data-element_type=\"section\">\n\t\t\t\t\t\t<div class=\"elementor-container elementor-column-gap-default\">\n\t\t\t\t\t<div class=\"elementor-column elementor-col-100 elementor-top-column elementor-element elementor-element-680042c3\" data-id=\"680042c3\" data-element_type=\"column\">\n\t\t\t<div class=\"elementor-widget-wrap\">\n\t\t\t\t\t\t\t<\/div>\n\t\t<\/div>\n\t\t\t\t\t<\/div>\n\t\t<\/section>\n\t\t\t\t<\/div>\n\t\t","protected":false},"excerpt":{"rendered":"<p>Kako si lahko pomagate sami?\u00a0 Najprej pomislite na vzroke, ki bi du\u0161enje lahko spro\u017eili in ocenite resnost dogajanja. Prva pomo\u010d je vedno lahko polo\u017eaj, ki vam olaj\u0161a ob\u010dutek du\u0161enja (sede\u010d polo\u017eaj ali le\u017eanje s podlo\u017eenim vzglavjem).\u00a0 \u010ce ste astmatik uporabite predpisana zdravila (olaj\u0161evalci).\u00a0 \u010ce je vzrok za nastanek du\u0161enja tujek v dihalnih poteh, se mora [&hellip;]<\/p>\n","protected":false},"author":1,"featured_media":0,"parent":0,"menu_order":0,"comment_status":"closed","ping_status":"closed","template":"","meta":{"_acf_changed":false,"_monsterinsights_skip_tracking":false,"_monsterinsights_sitenote_active":false,"_monsterinsights_sitenote_note":"","_monsterinsights_sitenote_category":0,"footnotes":""},"class_list":["post-8318","page","type-page","status-publish","hentry"],"acf":[],"_links":{"self":[{"href":"https:\/\/pareamed.si\/index.php?rest_route=\/wp\/v2\/pages\/8318","targetHints":{"allow":["GET"]}}],"collection":[{"href":"https:\/\/pareamed.si\/index.php?rest_route=\/wp\/v2\/pages"}],"about":[{"href":"https:\/\/pareamed.si\/index.php?rest_route=\/wp\/v2\/types\/page"}],"author":[{"embeddable":true,"href":"https:\/\/pareamed.si\/index.php?rest_route=\/wp\/v2\/users\/1"}],"replies":[{"embeddable":true,"href":"https:\/\/pareamed.si\/index.php?rest_route=%2Fwp%2Fv2%2Fcomments&post=8318"}],"version-history":[{"count":11,"href":"https:\/\/pareamed.si\/index.php?rest_route=\/wp\/v2\/pages\/8318\/revisions"}],"predecessor-version":[{"id":8610,"href":"https:\/\/pareamed.si\/index.php?rest_route=\/wp\/v2\/pages\/8318\/revisions\/8610"}],"wp:attachment":[{"href":"https:\/\/pareamed.si\/index.php?rest_route=%2Fwp%2Fv2%2Fmedia&parent=8318"}],"curies":[{"name":"wp","href":"https:\/\/api.w.org\/{rel}","templated":true}]}}