{"id":8313,"date":"2024-10-21T06:26:11","date_gmt":"2024-10-21T06:26:11","guid":{"rendered":"https:\/\/pareamed.si\/?page_id=8313"},"modified":"2024-11-01T11:27:27","modified_gmt":"2024-11-01T11:27:27","slug":"kaselj","status":"publish","type":"page","link":"https:\/\/pareamed.si\/?page_id=8313","title":{"rendered":"Ka\u0161elj"},"content":{"rendered":"\t\t<div data-elementor-type=\"wp-page\" data-elementor-id=\"8313\" class=\"elementor elementor-8313\">\n\t\t\t\t\t\t<section class=\"elementor-section elementor-top-section elementor-element elementor-element-5252535 elementor-section-boxed elementor-section-height-default elementor-section-height-default\" data-id=\"5252535\" data-element_type=\"section\">\n\t\t\t\t\t\t<div class=\"elementor-container elementor-column-gap-default\">\n\t\t\t\t\t<div class=\"elementor-column elementor-col-50 elementor-top-column elementor-element elementor-element-b876dfd\" data-id=\"b876dfd\" data-element_type=\"column\">\n\t\t\t<div class=\"elementor-widget-wrap elementor-element-populated\">\n\t\t\t\t\t\t<div class=\"elementor-element elementor-element-63ae7166 elementor-widget elementor-widget-text-editor\" data-id=\"63ae7166\" data-element_type=\"widget\" data-widget_type=\"text-editor.default\">\n\t\t\t\t<div class=\"elementor-widget-container\">\n\t\t\t\t\t\t\t<p><span style=\"text-decoration: underline;\"><strong>Kako si lahko pomagate sami?<\/strong><\/span><\/p>\n<p>Pri kratkotrajnem ka\u0161lju (manj kot 3 tedne), ki je posledica virusne oku\u017ebe dihal je primerno simptomatsko zdravljenje. Pomembno je redno \u010di\u0161\u010denje nosne votline in izpiranje s fiziolo\u0161ko raztopino. Kraj\u0161i \u010das (nekaj dni) lahko uporabljate nosne kapljice, ki vsebujejo zdravilo za zmanj\u0161anje otekline nosne sluznice. Potrebna je zadostna hidracija (topli napitki). \u010ce je ka\u0161elj suh in dra\u017ee\u010d, ga lahko umirite s sirupi ali tabletami na naravni osnovi. \u010ce je ka\u0161elj produktiven z izka\u0161ljevanjem, njegovo zaviranje ni priporo\u010dljivo, uporabljajte pripravke za izka\u0161ljevanje. Pomembno je, da dihal ne dra\u017eite dodatno z dra\u017eljivci kot so cigaretni dim in da se izogibate gibanju v onesna\u017eenem okolju.\u202f<\/p>\n<p><strong><span style=\"text-decoration: underline;\">\u00a0Kdaj do zdravnika?<\/span>\u00a0<\/strong><\/p>\n<p>\u010ce kratkotrajni ka\u0161elj spremljajo znaki akutne bakterijske oku\u017ebe kot so povi\u0161ana telesna temperatura, gnojno izka\u0161ljevanje, bole\u010dine v prsih ob dihanju ali nasploh slabo po\u010dutje brez jasnih znakov viroze, je potreben pregled pri zdravniku.<\/p>\n<p>Diagnostika vsakega kroni\u010dnega ka\u0161lja je potrebna tudi, kadar ka\u0161elj traja ve\u010d kot 3 tedne, tudi \u010de je splo\u0161no po\u010dutje\u202f dobro.\u202f\u00a0<\/p>\n<p>\u00a0<\/p>\n<p><strong>TAKOJ JE POTREBNO K ZDRAVNIKU, \u010cE STE IZKA\u0160LJAJI KRI ALI \u010cE OB KA\u0160LJU TUDI TE\u017dKO DIHATE.\u202f\u00a0<\/strong><\/p>\t\t\t\t\t\t<\/div>\n\t\t\t\t<\/div>\n\t\t\t\t\t<\/div>\n\t\t<\/div>\n\t\t\t\t<div class=\"elementor-column elementor-col-50 elementor-top-column elementor-element elementor-element-de59351\" data-id=\"de59351\" data-element_type=\"column\">\n\t\t\t<div class=\"elementor-widget-wrap elementor-element-populated\">\n\t\t\t\t\t\t<div class=\"elementor-element elementor-element-573c94d elementor-widget elementor-widget-image\" data-id=\"573c94d\" data-element_type=\"widget\" data-widget_type=\"image.default\">\n\t\t\t\t<div class=\"elementor-widget-container\">\n\t\t\t\t\t\t\t\t\t\t\t\t\t<img fetchpriority=\"high\" decoding=\"async\" width=\"565\" height=\"666\" src=\"https:\/\/pareamed.si\/wp-content\/uploads\/2024\/11\/22708-e1730460428927.jpg\" class=\"attachment-large size-large wp-image-8606\" alt=\"\" srcset=\"https:\/\/pareamed.si\/wp-content\/uploads\/2024\/11\/22708-e1730460428927.jpg 565w, https:\/\/pareamed.si\/wp-content\/uploads\/2024\/11\/22708-e1730460428927-255x300.jpg 255w\" sizes=\"(max-width: 565px) 100vw, 565px\" \/>\t\t\t\t\t\t\t\t\t\t\t\t\t<\/div>\n\t\t\t\t<\/div>\n\t\t\t\t\t<\/div>\n\t\t<\/div>\n\t\t\t\t\t<\/div>\n\t\t<\/section>\n\t\t\t\t<section class=\"elementor-section elementor-top-section elementor-element elementor-element-6c556beb elementor-section-boxed elementor-section-height-default elementor-section-height-default\" data-id=\"6c556beb\" data-element_type=\"section\">\n\t\t\t\t\t\t<div class=\"elementor-container elementor-column-gap-default\">\n\t\t\t\t\t<div class=\"elementor-column elementor-col-100 elementor-top-column elementor-element elementor-element-680042c3\" data-id=\"680042c3\" data-element_type=\"column\">\n\t\t\t<div class=\"elementor-widget-wrap\">\n\t\t\t\t\t\t\t<\/div>\n\t\t<\/div>\n\t\t\t\t\t<\/div>\n\t\t<\/section>\n\t\t\t\t<\/div>\n\t\t","protected":false},"excerpt":{"rendered":"<p>Kako si lahko pomagate sami? Pri kratkotrajnem ka\u0161lju (manj kot 3 tedne), ki je posledica virusne oku\u017ebe dihal je primerno simptomatsko zdravljenje. Pomembno je redno \u010di\u0161\u010denje nosne votline in izpiranje s fiziolo\u0161ko raztopino. Kraj\u0161i \u010das (nekaj dni) lahko uporabljate nosne kapljice, ki vsebujejo zdravilo za zmanj\u0161anje otekline nosne sluznice. Potrebna je zadostna hidracija (topli napitki). [&hellip;]<\/p>\n","protected":false},"author":1,"featured_media":0,"parent":0,"menu_order":0,"comment_status":"closed","ping_status":"closed","template":"","meta":{"_acf_changed":false,"_monsterinsights_skip_tracking":false,"_monsterinsights_sitenote_active":false,"_monsterinsights_sitenote_note":"","_monsterinsights_sitenote_category":0,"footnotes":""},"class_list":["post-8313","page","type-page","status-publish","hentry"],"acf":[],"_links":{"self":[{"href":"https:\/\/pareamed.si\/index.php?rest_route=\/wp\/v2\/pages\/8313","targetHints":{"allow":["GET"]}}],"collection":[{"href":"https:\/\/pareamed.si\/index.php?rest_route=\/wp\/v2\/pages"}],"about":[{"href":"https:\/\/pareamed.si\/index.php?rest_route=\/wp\/v2\/types\/page"}],"author":[{"embeddable":true,"href":"https:\/\/pareamed.si\/index.php?rest_route=\/wp\/v2\/users\/1"}],"replies":[{"embeddable":true,"href":"https:\/\/pareamed.si\/index.php?rest_route=%2Fwp%2Fv2%2Fcomments&post=8313"}],"version-history":[{"count":14,"href":"https:\/\/pareamed.si\/index.php?rest_route=\/wp\/v2\/pages\/8313\/revisions"}],"predecessor-version":[{"id":8623,"href":"https:\/\/pareamed.si\/index.php?rest_route=\/wp\/v2\/pages\/8313\/revisions\/8623"}],"wp:attachment":[{"href":"https:\/\/pareamed.si\/index.php?rest_route=%2Fwp%2Fv2%2Fmedia&parent=8313"}],"curies":[{"name":"wp","href":"https:\/\/api.w.org\/{rel}","templated":true}]}}