{"id":8267,"date":"2024-10-21T05:32:01","date_gmt":"2024-10-21T05:32:01","guid":{"rendered":"https:\/\/pareamed.si\/?page_id=8267"},"modified":"2026-01-08T06:31:20","modified_gmt":"2026-01-08T06:31:20","slug":"sample-page-2-2","status":"publish","type":"page","link":"https:\/\/pareamed.si\/?page_id=8267","title":{"rendered":"Bolni\u0161ki stale\u017e"},"content":{"rendered":"\t\t<div data-elementor-type=\"wp-page\" data-elementor-id=\"8267\" class=\"elementor elementor-8267\">\n\t\t\t\t\t\t<section class=\"elementor-section elementor-top-section elementor-element elementor-element-ff3a235 elementor-section-boxed elementor-section-height-default elementor-section-height-default\" data-id=\"ff3a235\" data-element_type=\"section\">\n\t\t\t\t\t\t<div class=\"elementor-container elementor-column-gap-default\">\n\t\t\t\t\t<div class=\"elementor-column elementor-col-50 elementor-top-column elementor-element elementor-element-e78f9ff\" data-id=\"e78f9ff\" data-element_type=\"column\">\n\t\t\t<div class=\"elementor-widget-wrap elementor-element-populated\">\n\t\t\t\t\t\t<div class=\"elementor-element elementor-element-b67266a elementor-widget elementor-widget-text-editor\" data-id=\"b67266a\" data-element_type=\"widget\" data-widget_type=\"text-editor.default\">\n\t\t\t\t<div class=\"elementor-widget-container\">\n\t\t\t\t\t\t\t<p>ZZZS bo v za\u010detku leta 2026 za\u010del z izvajanjem nadzora v primerih izdaje eBOL zaradi spremstva. Po navodilih ZZZS se mora presoditi potreba po spremstvom pred samim potovanju pri izbranem osebnem zdravniku. Ni sprejemljivo, da se spremljevalci sami odlo\u010dijo za spremstvo in nato po opravljenem potovanju zahtevajo pri izbranem zdravniku izdajo eBOL za spremstvo svojca.\u00a0<\/p><p>Zavarovanim osebam nad dopolnjenim 15. letom starosti pripada spremstvo le, \u010de tako zahteva njihovo zdravstveno staje. Nezmo\u017enost vo\u017enje oziroma odsotnost vozni\u0161kega izpita ni utemeljen razlog za spremstvo pacienta.<\/p><p>Prav tako je potrebno opozoriti, da v kolikor zavarovana oseba opravi samopla\u010dni\u0161ko zdravstveno storitev, sama, oziroma njen spremljevalec nista upravi\u010dena do npr. povra\u010dila potnih stro\u0161kov, niti spremljevalec ni upravi\u010den do nadomestila pla\u010de zaradi spremstva (254. \u010dlen Pravil obveznega zdravstvenega zavarovanja).<\/p><p>ZZZS prav tako apelira vse izbrane osebne zdravnike, da se spremstvo prizna le za toliko \u010dasa, kolikor je potrebno, da se dolo\u010dena zdravstvena storitev opravi. <strong>Torej spremstvo ne pomeni avtomati\u010dno odsotnost z dela za cel delovni dan, ampak bolj obi\u010dajno samo za dolo\u010dene ure.<\/strong><\/p><p>Zato paciente pri spremstvu svojca na pregled napro\u0161amo, da:<\/p><p>&#8211; <strong><u>Izbranega osebnega zdravnika kontaktirajo pred samim spremstvom pacienta.<\/u><\/strong><\/p><p>&#8211; <strong><u>Potrebno je navesti zdravstveno stanje pacienta, zaradi katerega potrebuje spremstvo na zdravstveni pregled<\/u><\/strong>. Omenjeno\u00a0 ni potrebno pri otrocih pod 15. letom starosti. Potreba po prevozu ni zdravstveno stanje in ni utemeljen razlog za spremstvo pacienta.<\/p><p>&#8211; Mladostniki in odrasli nad 15 let so upravi\u010deni do spremstva po pravilih ZZZS le, \u010de tako zahteva njihovo zdravstveno stanje.<\/p><p>&#8211; <strong><u>Potrebno je navesti datum, uro in lokacijo predvidenega pregleda<\/u><\/strong>. Le tako lahko izbrani zdravnik oceni za koliko ur je potrebna izdaja spremstva.<\/p><p>Povezava do spletne strani ZZZS:<\/p><p><a href=\"https:\/\/zavarovanec.zzzs.si\/denarna-nadomestila\/nadomestilo-place-med-zacasno-zadrzanostjo-od-dela\/pogoji-ki-jih-je-potrebno-izpolnjevati\/\">https:\/\/zavarovanec.zzzs.si\/denarna-nadomestila\/nadomestilo-place-med-zacasno-zadrzanostjo-od-dela\/pogoji-ki-jih-je-potrebno-izpolnjevati\/<\/a><\/p><p>Za dodatne informacije vam svetujemo, da se obrnete na ZZZS Obmo\u010dno enoto Ravne na Koro\u0161kem.<\/p>\t\t\t\t\t\t<\/div>\n\t\t\t\t<\/div>\n\t\t\t\t\t<\/div>\n\t\t<\/div>\n\t\t\t\t<div class=\"elementor-column elementor-col-50 elementor-top-column elementor-element elementor-element-ca7694f\" data-id=\"ca7694f\" data-element_type=\"column\">\n\t\t\t<div class=\"elementor-widget-wrap elementor-element-populated\">\n\t\t\t\t\t\t<div class=\"elementor-element elementor-element-df136ad elementor-widget__width-initial elementor-widget elementor-widget-image\" data-id=\"df136ad\" data-element_type=\"widget\" data-widget_type=\"image.default\">\n\t\t\t\t<div class=\"elementor-widget-container\">\n\t\t\t\t\t\t\t\t\t\t\t\t\t<img fetchpriority=\"high\" decoding=\"async\" width=\"1024\" height=\"683\" src=\"https:\/\/pareamed.si\/wp-content\/uploads\/2024\/10\/call-center-man-headache-with-face-mask-computer-stress-burnout-problem-with-client-communication-tired-telemarketing-consultant-with-virus-protection-crisis-bad-service-pain-1024x683.jpg\" class=\"attachment-large size-large wp-image-8393\" alt=\"\" srcset=\"https:\/\/pareamed.si\/wp-content\/uploads\/2024\/10\/call-center-man-headache-with-face-mask-computer-stress-burnout-problem-with-client-communication-tired-telemarketing-consultant-with-virus-protection-crisis-bad-service-pain-1024x683.jpg 1024w, https:\/\/pareamed.si\/wp-content\/uploads\/2024\/10\/call-center-man-headache-with-face-mask-computer-stress-burnout-problem-with-client-communication-tired-telemarketing-consultant-with-virus-protection-crisis-bad-service-pain-300x200.jpg 300w, https:\/\/pareamed.si\/wp-content\/uploads\/2024\/10\/call-center-man-headache-with-face-mask-computer-stress-burnout-problem-with-client-communication-tired-telemarketing-consultant-with-virus-protection-crisis-bad-service-pain-768x512.jpg 768w, https:\/\/pareamed.si\/wp-content\/uploads\/2024\/10\/call-center-man-headache-with-face-mask-computer-stress-burnout-problem-with-client-communication-tired-telemarketing-consultant-with-virus-protection-crisis-bad-service-pain-1536x1025.jpg 1536w, https:\/\/pareamed.si\/wp-content\/uploads\/2024\/10\/call-center-man-headache-with-face-mask-computer-stress-burnout-problem-with-client-communication-tired-telemarketing-consultant-with-virus-protection-crisis-bad-service-pain-2048x1367.jpg 2048w, https:\/\/pareamed.si\/wp-content\/uploads\/2024\/10\/call-center-man-headache-with-face-mask-computer-stress-burnout-problem-with-client-communication-tired-telemarketing-consultant-with-virus-protection-crisis-bad-service-pain-360x240.jpg 360w, https:\/\/pareamed.si\/wp-content\/uploads\/2024\/10\/call-center-man-headache-with-face-mask-computer-stress-burnout-problem-with-client-communication-tired-telemarketing-consultant-with-virus-protection-crisis-bad-service-pain-850x567.jpg 850w, https:\/\/pareamed.si\/wp-content\/uploads\/2024\/10\/call-center-man-headache-with-face-mask-computer-stress-burnout-problem-with-client-communication-tired-telemarketing-consultant-with-virus-protection-crisis-bad-service-pain-600x400.jpg 600w\" sizes=\"(max-width: 1024px) 100vw, 1024px\" \/>\t\t\t\t\t\t\t\t\t\t\t\t\t<\/div>\n\t\t\t\t<\/div>\n\t\t\t\t<div class=\"elementor-element elementor-element-33c1983 elementor-widget elementor-widget-spacer\" data-id=\"33c1983\" data-element_type=\"widget\" data-widget_type=\"spacer.default\">\n\t\t\t\t<div class=\"elementor-widget-container\">\n\t\t\t\t\t<div class=\"elementor-spacer\">\n\t\t\t<div class=\"elementor-spacer-inner\"><\/div>\n\t\t<\/div>\n\t\t\t\t<\/div>\n\t\t\t\t<\/div>\n\t\t\t\t<div class=\"elementor-element elementor-element-9444d81 elementor-widget elementor-widget-heading\" data-id=\"9444d81\" data-element_type=\"widget\" data-widget_type=\"heading.default\">\n\t\t\t\t<div class=\"elementor-widget-container\">\n\t\t\t<h2 class=\"elementor-heading-title elementor-size-default\">Povezave<\/h2>\t\t<\/div>\n\t\t\t\t<\/div>\n\t\t\t\t<div class=\"elementor-element elementor-element-3947639 elementor-align-center elementor-widget elementor-widget-qt-button\" data-id=\"3947639\" data-element_type=\"widget\" data-widget_type=\"qt-button.default\">\n\t\t\t\t<div class=\"elementor-widget-container\">\n\t\t\t        <a href=\"https:\/\/pareamed.si\/wp-content\/uploads\/2026\/01\/SPREMSTVO_povzetek-navodil-izjava.pdf\" class=\"btn btn-primary\">\n            SPREMSTVO - Povzetek navodil<\/a>\n        \n        \t\t<\/div>\n\t\t\t\t<\/div>\n\t\t\t\t<div class=\"elementor-element elementor-element-7d2d416 elementor-align-center elementor-widget elementor-widget-qt-button\" data-id=\"7d2d416\" data-element_type=\"widget\" data-widget_type=\"qt-button.default\">\n\t\t\t\t<div class=\"elementor-widget-container\">\n\t\t\t        <a href=\"https:\/\/zavarovanec.zzzs.si\/denarna-nadomestila\/nadomestilo-place-med-zacasno-zadrzanostjo-od-dela\/pogoji-ki-jih-je-potrebno-izpolnjevati\/\" class=\"btn btn-primary\">\n            Pogoji ki jih je potrebno izpolnjevati<\/a>\n        \n        \t\t<\/div>\n\t\t\t\t<\/div>\n\t\t\t\t<div class=\"elementor-element elementor-element-784618f elementor-align-center elementor-widget elementor-widget-qt-button\" data-id=\"784618f\" data-element_type=\"widget\" data-widget_type=\"qt-button.default\">\n\t\t\t\t<div class=\"elementor-widget-container\">\n\t\t\t        <a href=\"https:\/\/www.zzzs.si\/zzzs-api\/organizacijske-enote-zzzs-in-kontakti\/obmocna-enota\/?oe=30&#038;cHash=c7e7cc4d559d9967700b1ec23356b870\" class=\"btn btn-primary\">\n            ZZZS Ravne na Koro\u0161kem<\/a>\n        \n        \t\t<\/div>\n\t\t\t\t<\/div>\n\t\t\t\t\t<\/div>\n\t\t<\/div>\n\t\t\t\t\t<\/div>\n\t\t<\/section>\n\t\t\t\t<section class=\"elementor-section elementor-top-section elementor-element elementor-element-6c556beb elementor-section-boxed elementor-section-height-default elementor-section-height-default\" data-id=\"6c556beb\" data-element_type=\"section\">\n\t\t\t\t\t\t<div class=\"elementor-container elementor-column-gap-default\">\n\t\t\t\t\t<div class=\"elementor-column elementor-col-100 elementor-top-column elementor-element elementor-element-680042c3\" data-id=\"680042c3\" data-element_type=\"column\">\n\t\t\t<div class=\"elementor-widget-wrap\">\n\t\t\t\t\t\t\t<\/div>\n\t\t<\/div>\n\t\t\t\t\t<\/div>\n\t\t<\/section>\n\t\t\t\t<section class=\"elementor-section elementor-top-section elementor-element elementor-element-bb0171e elementor-section-boxed elementor-section-height-default elementor-section-height-default\" data-id=\"bb0171e\" data-element_type=\"section\">\n\t\t\t\t\t\t<div class=\"elementor-container elementor-column-gap-default\">\n\t\t\t\t\t<div class=\"elementor-column elementor-col-100 elementor-top-column elementor-element elementor-element-dad88be\" data-id=\"dad88be\" data-element_type=\"column\">\n\t\t\t<div class=\"elementor-widget-wrap elementor-element-populated\">\n\t\t\t\t\t\t<div class=\"elementor-element elementor-element-4101408 elementor-widget elementor-widget-button\" data-id=\"4101408\" data-element_type=\"widget\" data-widget_type=\"button.default\">\n\t\t\t\t<div class=\"elementor-widget-container\">\n\t\t\t\t\t\t\t<div class=\"elementor-button-wrapper\">\n\t\t\t\t\t<a class=\"elementor-button elementor-button-link elementor-size-sm\" href=\"#\" id=\"998\">\n\t\t\t\t\t\t<span class=\"elementor-button-content-wrapper\">\n\t\t\t\t\t\t\t\t\t<span class=\"elementor-button-text\">test<\/span>\n\t\t\t\t\t<\/span>\n\t\t\t\t\t<\/a>\n\t\t\t\t<\/div>\n\t\t\t\t\t\t<\/div>\n\t\t\t\t<\/div>\n\t\t\t\t\t<\/div>\n\t\t<\/div>\n\t\t\t\t\t<\/div>\n\t\t<\/section>\n\t\t\t\t<section class=\"elementor-section elementor-top-section elementor-element elementor-element-79d5a7c elementor-section-boxed elementor-section-height-default elementor-section-height-default\" data-id=\"79d5a7c\" data-element_type=\"section\">\n\t\t\t\t\t\t<div class=\"elementor-container elementor-column-gap-default\">\n\t\t\t\t\t<div class=\"elementor-column elementor-col-100 elementor-top-column elementor-element elementor-element-6ddaa2a\" data-id=\"6ddaa2a\" data-element_type=\"column\">\n\t\t\t<div class=\"elementor-widget-wrap\">\n\t\t\t\t\t\t\t<\/div>\n\t\t<\/div>\n\t\t\t\t\t<\/div>\n\t\t<\/section>\n\t\t\t\t<\/div>\n\t\t","protected":false},"excerpt":{"rendered":"<p>ZZZS bo v za\u010detku leta 2026 za\u010del z izvajanjem nadzora v primerih izdaje eBOL zaradi spremstva. Po navodilih ZZZS se mora presoditi potreba po spremstvom pred samim potovanju pri izbranem osebnem zdravniku. Ni sprejemljivo, da se spremljevalci sami odlo\u010dijo za spremstvo in nato po opravljenem potovanju zahtevajo pri izbranem zdravniku izdajo eBOL za spremstvo svojca.\u00a0 [&hellip;]<\/p>\n","protected":false},"author":1,"featured_media":0,"parent":0,"menu_order":0,"comment_status":"closed","ping_status":"closed","template":"","meta":{"_acf_changed":false,"_monsterinsights_skip_tracking":false,"_monsterinsights_sitenote_active":false,"_monsterinsights_sitenote_note":"","_monsterinsights_sitenote_category":0,"footnotes":""},"class_list":["post-8267","page","type-page","status-publish","hentry"],"acf":[],"_links":{"self":[{"href":"https:\/\/pareamed.si\/index.php?rest_route=\/wp\/v2\/pages\/8267","targetHints":{"allow":["GET"]}}],"collection":[{"href":"https:\/\/pareamed.si\/index.php?rest_route=\/wp\/v2\/pages"}],"about":[{"href":"https:\/\/pareamed.si\/index.php?rest_route=\/wp\/v2\/types\/page"}],"author":[{"embeddable":true,"href":"https:\/\/pareamed.si\/index.php?rest_route=\/wp\/v2\/users\/1"}],"replies":[{"embeddable":true,"href":"https:\/\/pareamed.si\/index.php?rest_route=%2Fwp%2Fv2%2Fcomments&post=8267"}],"version-history":[{"count":70,"href":"https:\/\/pareamed.si\/index.php?rest_route=\/wp\/v2\/pages\/8267\/revisions"}],"predecessor-version":[{"id":9005,"href":"https:\/\/pareamed.si\/index.php?rest_route=\/wp\/v2\/pages\/8267\/revisions\/9005"}],"wp:attachment":[{"href":"https:\/\/pareamed.si\/index.php?rest_route=%2Fwp%2Fv2%2Fmedia&parent=8267"}],"curies":[{"name":"wp","href":"https:\/\/api.w.org\/{rel}","templated":true}]}}